{"id":1542,"date":"2014-08-21T14:07:55","date_gmt":"2014-08-21T12:07:55","guid":{"rendered":"http:\/\/wp12201822.server-he.de\/?page_id=1542"},"modified":"2019-12-17T13:43:59","modified_gmt":"2019-12-17T11:43:59","slug":"home-2","status":"publish","type":"page","link":"https:\/\/www.alfida.de\/pl\/","title":{"rendered":"Home"},"content":{"rendered":"<p>[et_pb_section fb_built=&#8221;1&#8243; fullwidth=&#8221;on&#8221; disabled_on=&#8221;on|off|off&#8221; admin_label=&#8221;Header (Desktop, Tablet)&#8221; _builder_version=&#8221;3.25.3&#8243; background_color=&#8221;rgba(255,255,255,0)&#8221; transparent_background=&#8221;on&#8221;][et_pb_fullwidth_slider admin_label=&#8221;Fullwidth Slider&#8221; _builder_version=&#8221;4.0.9&#8243; custom_padding=&#8221;|||&#8221; custom_padding_tablet=&#8221;|||&#8221; custom_padding_phone=&#8221;|||&#8221; auto=&#8221;on&#8221; auto_speed=&#8221;5000&#8243; hover_enabled=&#8221;0&#8243; box_shadow_style=&#8221;preset6&#8243; box_shadow_blur=&#8221;10px&#8221; box_shadow_color=&#8221;rgba(0,0,0,0.1)&#8221; show_inner_shadow=&#8221;on&#8221; button_text_size__hover_enabled=&#8221;off&#8221; button_one_text_size__hover_enabled=&#8221;off&#8221; button_two_text_size__hover_enabled=&#8221;off&#8221; button_text_color__hover_enabled=&#8221;off&#8221; button_one_text_color__hover_enabled=&#8221;off&#8221; button_two_text_color__hover_enabled=&#8221;off&#8221; button_border_width__hover_enabled=&#8221;off&#8221; button_one_border_width__hover_enabled=&#8221;off&#8221; button_two_border_width__hover_enabled=&#8221;off&#8221; button_border_color__hover_enabled=&#8221;off&#8221; button_one_border_color__hover_enabled=&#8221;off&#8221; button_two_border_color__hover_enabled=&#8221;off&#8221; button_border_radius__hover_enabled=&#8221;off&#8221; button_one_border_radius__hover_enabled=&#8221;off&#8221; button_two_border_radius__hover_enabled=&#8221;off&#8221; button_letter_spacing__hover_enabled=&#8221;off&#8221; button_one_letter_spacing__hover_enabled=&#8221;off&#8221; button_two_letter_spacing__hover_enabled=&#8221;off&#8221; button_bg_color__hover_enabled=&#8221;off&#8221; button_one_bg_color__hover_enabled=&#8221;off&#8221; button_two_bg_color__hover_enabled=&#8221;off&#8221;][et_pb_slide heading=&#8221;D\u0142ugofalowo&#8221; button_text=&#8221;Doradztwo&#8221; button_link=&#8221;\/doradztwo\/?lang=pl&#8221; _builder_version=&#8221;4.0.9&#8243; header_text_align=&#8221;left&#8221; body_text_align=&#8221;left&#8221; background_color=&#8221;#ffffff&#8221; background_image=&#8221;https:\/\/www.alfida.de\/wp-content\/uploads\/2014\/10\/1200x600_Slider_vorausschauend.jpg&#8221; button_alignment=&#8221;left&#8221; text_orientation=&#8221;left&#8221; background_layout=&#8221;light&#8221; custom_padding=&#8221;|||520px|false|false&#8221; hover_enabled=&#8221;0&#8243; button_text_size__hover_enabled=&#8221;off&#8221; button_one_text_size__hover_enabled=&#8221;off&#8221; button_two_text_size__hover_enabled=&#8221;off&#8221; button_text_color__hover_enabled=&#8221;off&#8221; button_one_text_color__hover_enabled=&#8221;off&#8221; button_two_text_color__hover_enabled=&#8221;off&#8221; button_border_width__hover_enabled=&#8221;off&#8221; button_one_border_width__hover_enabled=&#8221;off&#8221; button_two_border_width__hover_enabled=&#8221;off&#8221; button_border_color__hover_enabled=&#8221;off&#8221; button_one_border_color__hover_enabled=&#8221;off&#8221; button_two_border_color__hover_enabled=&#8221;off&#8221; button_border_radius__hover_enabled=&#8221;off&#8221; button_one_border_radius__hover_enabled=&#8221;off&#8221; button_two_border_radius__hover_enabled=&#8221;off&#8221; button_letter_spacing__hover_enabled=&#8221;off&#8221; button_one_letter_spacing__hover_enabled=&#8221;off&#8221; button_two_letter_spacing__hover_enabled=&#8221;off&#8221; button_bg_color__hover_enabled=&#8221;off&#8221; button_one_bg_color__hover_enabled=&#8221;off&#8221; button_two_bg_color__hover_enabled=&#8221;off&#8221; custom_padding_last_edited=&#8221;on|phone&#8221; custom_padding_tablet=&#8221;|||250px|false|false&#8221; custom_padding_phone=&#8221;|||0px|false|false&#8221;]<\/p>\n<p>Skuteczne doradztwo oznacza dla nas znajdowanie rozwi\u0105za\u0144, kt\u00f3re b\u0119d\u0105 wpisywa\u0107 si\u0119 w kierunek nadchodz\u0105cych zmian i trend\u00f3w.<\/p>\n<p>[\/et_pb_slide][et_pb_slide heading=&#8221;Realnie&#8221; button_text=&#8221;Doradztwo&#8221; button_link=&#8221;\/doradztwo\/?lang=pl&#8221; _builder_version=&#8221;4.0.9&#8243; header_text_align=&#8221;left&#8221; body_text_align=&#8221;left&#8221; background_color=&#8221;#ffffff&#8221; background_image=&#8221;https:\/\/www.alfida.de\/wp-content\/uploads\/2014\/10\/1200x600px_Slider_machbar.jpg&#8221; button_alignment=&#8221;left&#8221; text_orientation=&#8221;left&#8221; background_layout=&#8221;light&#8221; custom_padding=&#8221;|||520px|false|false&#8221; hover_enabled=&#8221;0&#8243; button_text_size__hover_enabled=&#8221;off&#8221; button_one_text_size__hover_enabled=&#8221;off&#8221; button_two_text_size__hover_enabled=&#8221;off&#8221; button_text_color__hover_enabled=&#8221;off&#8221; button_one_text_color__hover_enabled=&#8221;off&#8221; button_two_text_color__hover_enabled=&#8221;off&#8221; button_border_width__hover_enabled=&#8221;off&#8221; button_one_border_width__hover_enabled=&#8221;off&#8221; button_two_border_width__hover_enabled=&#8221;off&#8221; button_border_color__hover_enabled=&#8221;off&#8221; button_one_border_color__hover_enabled=&#8221;off&#8221; button_two_border_color__hover_enabled=&#8221;off&#8221; button_border_radius__hover_enabled=&#8221;off&#8221; button_one_border_radius__hover_enabled=&#8221;off&#8221; button_two_border_radius__hover_enabled=&#8221;off&#8221; button_letter_spacing__hover_enabled=&#8221;off&#8221; button_one_letter_spacing__hover_enabled=&#8221;off&#8221; button_two_letter_spacing__hover_enabled=&#8221;off&#8221; button_bg_color__hover_enabled=&#8221;off&#8221; button_one_bg_color__hover_enabled=&#8221;off&#8221; button_two_bg_color__hover_enabled=&#8221;off&#8221; custom_padding_last_edited=&#8221;on|desktop&#8221; custom_padding_tablet=&#8221;|||250px|false|false&#8221; custom_padding_phone=&#8221;|||0px|false|false&#8221;]<\/p>\n<p>Nasze doradztwo rozpoczyna si\u0119 od zapytania o Pa\u0144stwa potrzeby i wymagania.<\/p>\n<p>[\/et_pb_slide][et_pb_slide heading=&#8221;Przekonuj\u0105co&#8221; button_text=&#8221;Doradztwo&#8221; button_link=&#8221;\/doradztwo\/?lang=pl&#8221; _builder_version=&#8221;4.0.9&#8243; header_text_align=&#8221;left&#8221; body_text_align=&#8221;left&#8221; background_color=&#8221;#ffffff&#8221; background_image=&#8221;https:\/\/www.alfida.de\/wp-content\/uploads\/2014\/10\/1200x600px_Slider_\u00fcberzeugend.jpg&#8221; button_alignment=&#8221;left&#8221; text_orientation=&#8221;left&#8221; background_layout=&#8221;light&#8221; custom_padding=&#8221;|||520px|false|false&#8221; hover_enabled=&#8221;0&#8243; button_text_size__hover_enabled=&#8221;off&#8221; button_one_text_size__hover_enabled=&#8221;off&#8221; button_two_text_size__hover_enabled=&#8221;off&#8221; button_text_color__hover_enabled=&#8221;off&#8221; button_one_text_color__hover_enabled=&#8221;off&#8221; button_two_text_color__hover_enabled=&#8221;off&#8221; button_border_width__hover_enabled=&#8221;off&#8221; button_one_border_width__hover_enabled=&#8221;off&#8221; button_two_border_width__hover_enabled=&#8221;off&#8221; button_border_color__hover_enabled=&#8221;off&#8221; button_one_border_color__hover_enabled=&#8221;off&#8221; button_two_border_color__hover_enabled=&#8221;off&#8221; button_border_radius__hover_enabled=&#8221;off&#8221; button_one_border_radius__hover_enabled=&#8221;off&#8221; button_two_border_radius__hover_enabled=&#8221;off&#8221; button_letter_spacing__hover_enabled=&#8221;off&#8221; button_one_letter_spacing__hover_enabled=&#8221;off&#8221; button_two_letter_spacing__hover_enabled=&#8221;off&#8221; button_bg_color__hover_enabled=&#8221;off&#8221; button_one_bg_color__hover_enabled=&#8221;off&#8221; button_two_bg_color__hover_enabled=&#8221;off&#8221; custom_padding_last_edited=&#8221;on|desktop&#8221; custom_padding_tablet=&#8221;|||250px|false|false&#8221; custom_padding_phone=&#8221;|||0px|false|false&#8221;]<\/p>\n<p>Nasze rozwi\u0105zania s\u0105 sp\u00f3jne z Pa\u0144stwa celem, teraz, jak i w przysz\u0142o\u015bci.<\/p>\n<p>[\/et_pb_slide][\/et_pb_fullwidth_slider][\/et_pb_section][et_pb_section fb_built=&#8221;1&#8243; fullwidth=&#8221;on&#8221; disabled_on=&#8221;off|on|on&#8221; admin_label=&#8221;D\u0142ugofalowo (Mobil)&#8221; _builder_version=&#8221;3.25.3&#8243;][et_pb_fullwidth_image src=&#8221;https:\/\/www.alfida.de\/wp-content\/uploads\/2014\/10\/1200x600_Slider_vorausschauend.jpg&#8221; admin_label=&#8221;D\u0142ugofalowo (Mobil)&#8221; _builder_version=&#8221;3.25.3&#8243;][\/et_pb_fullwidth_image][\/et_pb_section][et_pb_section fb_built=&#8221;1&#8243; disabled_on=&#8221;off|on|on&#8221; admin_label=&#8221;D\u0142ugofalowo (mobil)&#8221; _builder_version=&#8221;3.25.3&#8243; custom_margin=&#8221;0px||&#8221; custom_padding=&#8221;0px||&#8221;][et_pb_row _builder_version=&#8221;3.25.3&#8243;][et_pb_column type=&#8221;4_4&#8243; _builder_version=&#8221;3.25.3&#8243;][et_pb_text _builder_version=&#8221;3.27.4&#8243; text_font=&#8221;||||||||&#8221; text_font_size=&#8221;16px&#8221; text_line_height=&#8221;1.5em&#8221;]<\/p>\n<h2>D\u0142ugofalowo<\/h2>\n<p>Skuteczne doradztwo oznacza dla nas znajdowanie rozwi\u0105za\u0144, kt\u00f3re b\u0119d\u0105 wpisywa\u0107 si\u0119 w kierunek nadchodz\u0105cych zmian i trend\u00f3w.<\/p>\n<p>[\/et_pb_text][et_pb_button button_url=&#8221;\/doradztwo\/?lang=pl&#8221; button_text=&#8221;Doradztwo&#8221; _builder_version=&#8221;3.25.3&#8243; custom_button=&#8221;on&#8221; button_text_size=&#8221;14px&#8221; button_border_width=&#8221;1px&#8221; button_font=&#8221;||||||||&#8221;][\/et_pb_button][\/et_pb_column][\/et_pb_row][\/et_pb_section][et_pb_section fb_built=&#8221;1&#8243; fullwidth=&#8221;on&#8221; disabled_on=&#8221;off|on|on&#8221; admin_label=&#8221;Realnie (Mobil)&#8221; _builder_version=&#8221;3.25.3&#8243;][et_pb_fullwidth_image src=&#8221;https:\/\/www.alfida.de\/wp-content\/uploads\/2014\/10\/1200x600px_Slider_machbar.jpg&#8221; _builder_version=&#8221;3.25.3&#8243;][\/et_pb_fullwidth_image][\/et_pb_section][et_pb_section fb_built=&#8221;1&#8243; disabled_on=&#8221;off|on|on&#8221; admin_label=&#8221;Realnie (mobil)&#8221; _builder_version=&#8221;3.25.3&#8243; custom_margin=&#8221;0px||&#8221; custom_padding=&#8221;0px||&#8221;][et_pb_row _builder_version=&#8221;3.25.3&#8243;][et_pb_column type=&#8221;4_4&#8243; _builder_version=&#8221;3.25.3&#8243;][et_pb_text _builder_version=&#8221;3.27.4&#8243; text_font=&#8221;||||||||&#8221; text_font_size=&#8221;16px&#8221; text_line_height=&#8221;1.5em&#8221;]<\/p>\n<h2>Realnie<\/h2>\n<p>Nasze doradztwo rozpoczyna si\u0119 od zapytania o Pa\u0144stwa potrzeby i wymagania.<br \/>Doradztwo.<\/p>\n<p>[\/et_pb_text][et_pb_button button_url=&#8221;\/doradztwo\/?lang=pl&#8221; button_text=&#8221;Doradztwo&#8221; _builder_version=&#8221;3.25.3&#8243; custom_button=&#8221;on&#8221; button_text_size=&#8221;14px&#8221; button_border_width=&#8221;1px&#8221; button_font=&#8221;||||||||&#8221;][\/et_pb_button][\/et_pb_column][\/et_pb_row][\/et_pb_section][et_pb_section fb_built=&#8221;1&#8243; fullwidth=&#8221;on&#8221; disabled_on=&#8221;off|on|on&#8221; admin_label=&#8221;Przekonuj\u0105co (Mobil)&#8221; _builder_version=&#8221;3.25.3&#8243;][et_pb_fullwidth_image src=&#8221;https:\/\/www.alfida.de\/wp-content\/uploads\/2014\/10\/1200x600px_Slider_\u00fcberzeugend.jpg&#8221; _builder_version=&#8221;3.25.3&#8243;][\/et_pb_fullwidth_image][\/et_pb_section][et_pb_section fb_built=&#8221;1&#8243; disabled_on=&#8221;off|on|on&#8221; admin_label=&#8221;Przekonuj\u0105co (mobil)&#8221; _builder_version=&#8221;3.25.3&#8243; custom_margin=&#8221;0px||&#8221; custom_padding=&#8221;0px||&#8221;][et_pb_row _builder_version=&#8221;3.25.3&#8243;][et_pb_column type=&#8221;4_4&#8243; _builder_version=&#8221;3.25.3&#8243;][et_pb_text _builder_version=&#8221;3.27.4&#8243; text_font=&#8221;||||||||&#8221; text_font_size=&#8221;16px&#8221; text_line_height=&#8221;1.5em&#8221;]<\/p>\n<h2>Przekonuj\u0105co<\/h2>\n<p>Nasze rozwi\u0105zania s\u0105 sp\u00f3jne z Pa\u0144stwa celem, teraz, jak i w przysz\u0142o\u015bci.<br \/>Doradztwo.<\/p>\n<p>[\/et_pb_text][et_pb_button button_url=&#8221;\/doradztwo\/?lang=pl&#8221; button_text=&#8221;Doradztwo&#8221; _builder_version=&#8221;3.25.3&#8243; custom_button=&#8221;on&#8221; button_text_size=&#8221;14px&#8221; button_border_width=&#8221;1px&#8221; button_font=&#8221;||||||||&#8221;][\/et_pb_button][\/et_pb_column][\/et_pb_row][\/et_pb_section]<\/p>\n","protected":false},"excerpt":{"rendered":"<p>Skuteczne doradztwo oznacza dla nas znajdowanie rozwi\u0105za\u0144, kt\u00f3re b\u0119d\u0105 wpisywa\u0107 si\u0119 w kierunek nadchodz\u0105cych zmian i trend\u00f3w.Nasze doradztwo rozpoczyna si\u0119 od zapytania o Pa\u0144stwa potrzeby i wymagania.Nasze rozwi\u0105zania s\u0105 sp\u00f3jne z Pa\u0144stwa celem, teraz, jak i w przysz\u0142o\u015bci.D\u0142ugofalowo Skuteczne doradztwo oznacza dla nas znajdowanie rozwi\u0105za\u0144, kt\u00f3re b\u0119d\u0105 wpisywa\u0107 si\u0119 w kierunek nadchodz\u0105cych zmian i trend\u00f3w.Realnie [&hellip;]<\/p>\n","protected":false},"author":7,"featured_media":0,"parent":0,"menu_order":0,"comment_status":"open","ping_status":"closed","template":"","meta":{"_et_pb_use_builder":"on","_et_pb_old_content":"","_et_gb_content_width":"","footnotes":""},"class_list":["post-1542","page","type-page","status-publish","hentry"],"yoast_head":"<!-- This site is optimized with the Yoast SEO plugin v25.8 - https:\/\/yoast.com\/wordpress\/plugins\/seo\/ -->\n<title>Home - alfida<\/title>\n<meta name=\"robots\" content=\"index, follow, max-snippet:-1, max-image-preview:large, max-video-preview:-1\" \/>\n<link rel=\"canonical\" href=\"https:\/\/www.alfida.de\/pl\/\" \/>\n<meta property=\"og:locale\" content=\"pl_PL\" \/>\n<meta property=\"og:type\" content=\"article\" \/>\n<meta property=\"og:title\" content=\"Home - alfida\" \/>\n<meta property=\"og:description\" content=\"Skuteczne doradztwo oznacza dla nas znajdowanie rozwi\u0105za\u0144, kt\u00f3re b\u0119d\u0105 wpisywa\u0107 si\u0119 w kierunek nadchodz\u0105cych zmian i trend\u00f3w.Nasze doradztwo rozpoczyna si\u0119 od zapytania o Pa\u0144stwa potrzeby i wymagania.Nasze rozwi\u0105zania s\u0105 sp\u00f3jne z Pa\u0144stwa celem, teraz, jak i w przysz\u0142o\u015bci.D\u0142ugofalowo Skuteczne doradztwo oznacza dla nas znajdowanie rozwi\u0105za\u0144, kt\u00f3re b\u0119d\u0105 wpisywa\u0107 si\u0119 w kierunek nadchodz\u0105cych zmian i trend\u00f3w.Realnie [&hellip;]\" \/>\n<meta property=\"og:url\" content=\"https:\/\/www.alfida.de\/pl\/\" \/>\n<meta property=\"og:site_name\" content=\"alfida\" \/>\n<meta property=\"article:publisher\" content=\"https:\/\/www.facebook.com\/AlfidaInfo\" \/>\n<meta property=\"article:modified_time\" content=\"2019-12-17T11:43:59+00:00\" \/>\n<meta name=\"twitter:card\" content=\"summary_large_image\" \/>\n<meta name=\"twitter:label1\" content=\"Szacowany czas czytania\" \/>\n\t<meta name=\"twitter:data1\" content=\"7 minut\" \/>\n<script type=\"application\/ld+json\" class=\"yoast-schema-graph\">{\"@context\":\"https:\/\/schema.org\",\"@graph\":[{\"@type\":\"WebPage\",\"@id\":\"https:\/\/www.alfida.de\/pl\/\",\"url\":\"https:\/\/www.alfida.de\/pl\/\",\"name\":\"Home - alfida\",\"isPartOf\":{\"@id\":\"https:\/\/www.alfida.de\/#website\"},\"datePublished\":\"2014-08-21T12:07:55+00:00\",\"dateModified\":\"2019-12-17T11:43:59+00:00\",\"breadcrumb\":{\"@id\":\"https:\/\/www.alfida.de\/pl\/#breadcrumb\"},\"inLanguage\":\"pl-PL\",\"potentialAction\":[{\"@type\":\"ReadAction\",\"target\":[\"https:\/\/www.alfida.de\/pl\/\"]}]},{\"@type\":\"BreadcrumbList\",\"@id\":\"https:\/\/www.alfida.de\/pl\/#breadcrumb\",\"itemListElement\":[{\"@type\":\"ListItem\",\"position\":1,\"name\":\"Home\",\"item\":\"https:\/\/www.alfida.de\/pl\/\"},{\"@type\":\"ListItem\",\"position\":2,\"name\":\"Home\"}]},{\"@type\":\"WebSite\",\"@id\":\"https:\/\/www.alfida.de\/#website\",\"url\":\"https:\/\/www.alfida.de\/\",\"name\":\"alfida\",\"description\":\"alfida\",\"potentialAction\":[{\"@type\":\"SearchAction\",\"target\":{\"@type\":\"EntryPoint\",\"urlTemplate\":\"https:\/\/www.alfida.de\/?s={search_term_string}\"},\"query-input\":{\"@type\":\"PropertyValueSpecification\",\"valueRequired\":true,\"valueName\":\"search_term_string\"}}],\"inLanguage\":\"pl-PL\"}]}<\/script>\n<!-- \/ Yoast SEO plugin. -->","yoast_head_json":{"title":"Home - alfida","robots":{"index":"index","follow":"follow","max-snippet":"max-snippet:-1","max-image-preview":"max-image-preview:large","max-video-preview":"max-video-preview:-1"},"canonical":"https:\/\/www.alfida.de\/pl\/","og_locale":"pl_PL","og_type":"article","og_title":"Home - alfida","og_description":"Skuteczne doradztwo oznacza dla nas znajdowanie rozwi\u0105za\u0144, kt\u00f3re b\u0119d\u0105 wpisywa\u0107 si\u0119 w kierunek nadchodz\u0105cych zmian i trend\u00f3w.Nasze doradztwo rozpoczyna si\u0119 od zapytania o Pa\u0144stwa potrzeby i wymagania.Nasze rozwi\u0105zania s\u0105 sp\u00f3jne z Pa\u0144stwa celem, teraz, jak i w przysz\u0142o\u015bci.D\u0142ugofalowo Skuteczne doradztwo oznacza dla nas znajdowanie rozwi\u0105za\u0144, kt\u00f3re b\u0119d\u0105 wpisywa\u0107 si\u0119 w kierunek nadchodz\u0105cych zmian i trend\u00f3w.Realnie [&hellip;]","og_url":"https:\/\/www.alfida.de\/pl\/","og_site_name":"alfida","article_publisher":"https:\/\/www.facebook.com\/AlfidaInfo","article_modified_time":"2019-12-17T11:43:59+00:00","twitter_card":"summary_large_image","twitter_misc":{"Szacowany czas czytania":"7 minut"},"schema":{"@context":"https:\/\/schema.org","@graph":[{"@type":"WebPage","@id":"https:\/\/www.alfida.de\/pl\/","url":"https:\/\/www.alfida.de\/pl\/","name":"Home - alfida","isPartOf":{"@id":"https:\/\/www.alfida.de\/#website"},"datePublished":"2014-08-21T12:07:55+00:00","dateModified":"2019-12-17T11:43:59+00:00","breadcrumb":{"@id":"https:\/\/www.alfida.de\/pl\/#breadcrumb"},"inLanguage":"pl-PL","potentialAction":[{"@type":"ReadAction","target":["https:\/\/www.alfida.de\/pl\/"]}]},{"@type":"BreadcrumbList","@id":"https:\/\/www.alfida.de\/pl\/#breadcrumb","itemListElement":[{"@type":"ListItem","position":1,"name":"Home","item":"https:\/\/www.alfida.de\/pl\/"},{"@type":"ListItem","position":2,"name":"Home"}]},{"@type":"WebSite","@id":"https:\/\/www.alfida.de\/#website","url":"https:\/\/www.alfida.de\/","name":"alfida","description":"alfida","potentialAction":[{"@type":"SearchAction","target":{"@type":"EntryPoint","urlTemplate":"https:\/\/www.alfida.de\/?s={search_term_string}"},"query-input":{"@type":"PropertyValueSpecification","valueRequired":true,"valueName":"search_term_string"}}],"inLanguage":"pl-PL"}]}},"_links":{"self":[{"href":"https:\/\/www.alfida.de\/pl\/wp-json\/wp\/v2\/pages\/1542","targetHints":{"allow":["GET"]}}],"collection":[{"href":"https:\/\/www.alfida.de\/pl\/wp-json\/wp\/v2\/pages"}],"about":[{"href":"https:\/\/www.alfida.de\/pl\/wp-json\/wp\/v2\/types\/page"}],"author":[{"embeddable":true,"href":"https:\/\/www.alfida.de\/pl\/wp-json\/wp\/v2\/users\/7"}],"replies":[{"embeddable":true,"href":"https:\/\/www.alfida.de\/pl\/wp-json\/wp\/v2\/comments?post=1542"}],"version-history":[{"count":26,"href":"https:\/\/www.alfida.de\/pl\/wp-json\/wp\/v2\/pages\/1542\/revisions"}],"predecessor-version":[{"id":2837,"href":"https:\/\/www.alfida.de\/pl\/wp-json\/wp\/v2\/pages\/1542\/revisions\/2837"}],"wp:attachment":[{"href":"https:\/\/www.alfida.de\/pl\/wp-json\/wp\/v2\/media?parent=1542"}],"curies":[{"name":"wp","href":"https:\/\/api.w.org\/{rel}","templated":true}]}}