{"id":1449,"date":"2014-08-29T10:54:36","date_gmt":"2014-08-29T08:54:36","guid":{"rendered":"http:\/\/alfidabeta.designerschwarm.de\/?page_id=1449"},"modified":"2016-02-03T15:42:02","modified_gmt":"2016-02-03T13:42:02","slug":"doradztwo","status":"publish","type":"page","link":"https:\/\/www.alfida.de\/pl\/doradztwo\/","title":{"rendered":"Beratung"},"content":{"rendered":"<p>[et_pb_section fullwidth=&#8221;on&#8221; specialty=&#8221;off&#8221; background_image=&#8221;https:\/\/www.alfida.de\/wp-content\/uploads\/2014\/10\/00_ALFIDA_BERATUNG_1200x108.jpg&#8221; transparent_background=&#8221;off&#8221; background_color=&#8221;#ffffff&#8221; inner_shadow=&#8221;off&#8221; parallax=&#8221;off&#8221; parallax_method=&#8221;off&#8221;][et_pb_fullwidth_header admin_label=&#8221;Fullwidth Header&#8221; background_layout=&#8221;dark&#8221; text_orientation=&#8221;left&#8221; \/][\/et_pb_section][et_pb_section fullwidth=&#8221;off&#8221; specialty=&#8221;off&#8221;][et_pb_row][et_pb_column type=&#8221;4_4&#8243;][et_pb_text admin_label=&#8221;Text&#8221; background_layout=&#8221;light&#8221; text_orientation=&#8221;left&#8221;]<\/p>\n<blockquote>\n<h2>Dobre doradztwo<\/h2>\n<\/blockquote>\n<p>Wsp\u00f3lnie z Pa\u0144stwem wypracowujemy i kreujemy gospodarcze, strukturalne i prawnopodatkowe rozwi\u0105zania w obszarach audytu i doradztwa podatkowego. Nie ograniczamy si\u0119 przy tym do prawid\u0142owej ksi\u0119gowo\u015bci, lecz my\u015blimy r\u00f3wnie\u017c w szerszej perspektywie. Dlatego stawiamy na rozwi\u0105zania, kt\u00f3re s\u0105 przysz\u0142o\u015bciowe, wykonalne i przekonuj\u0105ce.<\/p>\n<p>Po 50 latach doradztwa dla ma\u0142ych i \u015brednich przedsi\u0119biorstw, firm obecnych na rynku kapita\u0142owym oraz os\u00f3b prywatnych wiemy, \u017ce: Pa\u0144stwa odpowiedzialno\u015b\u0107 to nie tylko liczby. Pa\u0144stwa odpowiedzialno\u015b\u0107 to r\u00f3wnie\u017c dobro Pa\u0144stwa pracownik\u00f3w, a tak\u017ce Pa\u0144stwa w\u0142asne dobro.<\/p>\n<p>&nbsp;<\/p>\n<p>[\/et_pb_text][\/et_pb_column][\/et_pb_row][et_pb_row][et_pb_column type=&#8221;1_3&#8243;][et_pb_text admin_label=&#8221;Text&#8221; background_layout=&#8221;light&#8221; text_orientation=&#8221;left&#8221;]<\/p>\n<h3>D\u0142ugofalowo<\/h3>\n<p>Ci\u0105g\u0142ym zmianom ulegaj\u0105 nie tylko Pa\u0144stwa indywidualne potrzeby i wymagania, ale tak\u017ce obowi\u0105zuj\u0105ce przepisy i orzecznictwo. Skuteczne doradztwo oznacza dla nas znajdowanie takich rozwi\u0105za\u0144, kt\u00f3re b\u0119d\u0105 wpisywa\u0107 si\u0119 w kierunek nadchodz\u0105cych zmian i trend\u00f3w. Dzi\u0119ki temu mo\u017cemy pomaga\u0107 Pa\u0144stwu w osi\u0105ganiu cel\u00f3w \u2013 zar\u00f3wno teraz, jak i w przysz\u0142o\u015bci.<\/p>\n<p>[\/et_pb_text][\/et_pb_column][et_pb_column type=&#8221;1_3&#8243;][et_pb_text admin_label=&#8221;Text&#8221; background_layout=&#8221;light&#8221; text_orientation=&#8221;left&#8221;]<\/p>\n<h3>Realnie<\/h3>\n<p>Ka\u017cdy, kto pragnie planowa\u0107 perspektywicznie, potrzebuje pewno\u015bci i stabilizacji. Dlatego nasze doradztwo rozpoczyna si\u0119 od zapytania o Pa\u0144stwa potrzeby i wymagania. Chcemy bowiem wykorzysta\u0107 wszelkie istniej\u0105ce rozwi\u0105zania w zakresie prawa podatkowego. Przede wszystkim takie, kt\u00f3re s\u0105 wykonalne oraz ekonomiczne dla Pa\u0144stwa. W ten spos\u00f3b mo\u017cemy pom\u00f3c obni\u017cy\u0107 Pa\u0144stwa obci\u0105\u017cenia podatkowe.<\/p>\n<p>&nbsp;<\/p>\n<p>[\/et_pb_text][\/et_pb_column][et_pb_column type=&#8221;1_3&#8243;][et_pb_text admin_label=&#8221;Text&#8221; background_layout=&#8221;light&#8221; text_orientation=&#8221;left&#8221;]<\/p>\n<h3>Przekonuj\u0105co<\/h3>\n<p>Jeste\u015bmy zadowoleni, je\u015bli Pa\u0144stwo s\u0105 zadowoleni. Dlatego zadajemy sobie pytanie, co sprawia, \u017ce s\u0105 Pa\u0144stwo zadowoleni z naszych us\u0142ug. Z pewno\u015bci\u0105: kreowanie rozwi\u0105za\u0144, kt\u00f3re s\u0105 perspektywiczne i wykonalne jednocze\u015bnie. Doradztwo, kt\u00f3re wybiega w przysz\u0142o\u015b\u0107, umo\u017cliwia wypracowanie trwa\u0142ych rozwi\u0105za\u0144 \u2013 wykraczaj\u0105cych poza perspektyw\u0119 bie\u017c\u0105cego projektu czy roku obrotowego. Natomiast wykonalno\u015b\u0107 rozwi\u0105za\u0144 dowodzi, \u017ce rozumiemy Pa\u0144stwa cele i wymagania i w\u0142a\u015bnie pod ich k\u0105tem projektujemy nasze rozwi\u0105zania.<\/p>\n<p>[\/et_pb_text][\/et_pb_column][\/et_pb_row][\/et_pb_section]<\/p>\n","protected":false},"excerpt":{"rendered":"<p><div class=\"et_pb_row et_pb_row_0 et_pb_row_empty\">\n\t\t\t\t\n\t\t\t\t\n\t\t\t\t\n\t\t\t\t\n\t\t\t\t\n\t\t\t<\/div> Dobre doradztwo Wsp\u00f3lnie z Pa\u0144stwem wypracowujemy i kreujemy gospodarcze, strukturalne i prawnopodatkowe rozwi\u0105zania w obszarach audytu i doradztwa podatkowego. Nie ograniczamy si\u0119 przy tym do prawid\u0142owej ksi\u0119gowo\u015bci, lecz my\u015blimy r\u00f3wnie\u017c w szerszej perspektywie. Dlatego stawiamy na rozwi\u0105zania, kt\u00f3re s\u0105 przysz\u0142o\u015bciowe, wykonalne i przekonuj\u0105ce. Po 50 latach doradztwa dla ma\u0142ych i \u015brednich przedsi\u0119biorstw, firm obecnych [&hellip;]<\/p>\n","protected":false},"author":7,"featured_media":0,"parent":0,"menu_order":0,"comment_status":"open","ping_status":"closed","template":"","meta":{"_et_pb_use_builder":"on","_et_pb_old_content":"","_et_gb_content_width":"","footnotes":""},"class_list":["post-1449","page","type-page","status-publish","hentry"],"yoast_head":"<!-- This site is optimized with the Yoast SEO plugin v25.8 - https:\/\/yoast.com\/wordpress\/plugins\/seo\/ -->\n<title>Ksiegowosc podatki Niemcy | Polska ksiegowa Hamburg | Biuro rachunkowe Hamburg<\/title>\n<meta name=\"description\" content=\"Rozwi\u0105zania w obszarach doradztwa podatkowego, audytu i ksi\u0119gowo\u015bci niemieckiej. Wypracowane wsp\u00f3lnie z Pa\u0144stwem. Wykonalne i przysz\u0142o\u015bciowe. Hamburg, Von-Essen\" \/>\n<meta name=\"robots\" content=\"index, follow, max-snippet:-1, max-image-preview:large, max-video-preview:-1\" \/>\n<link rel=\"canonical\" href=\"https:\/\/www.alfida.de\/pl\/doradztwo\/\" \/>\n<meta property=\"og:locale\" content=\"pl_PL\" \/>\n<meta property=\"og:type\" content=\"article\" \/>\n<meta property=\"og:title\" content=\"Ksiegowosc podatki Niemcy | Polska ksiegowa Hamburg | Biuro rachunkowe Hamburg\" \/>\n<meta property=\"og:description\" content=\"Rozwi\u0105zania w obszarach doradztwa podatkowego, audytu i ksi\u0119gowo\u015bci niemieckiej. Wypracowane wsp\u00f3lnie z Pa\u0144stwem. Wykonalne i przysz\u0142o\u015bciowe. Hamburg, Von-Essen\" \/>\n<meta property=\"og:url\" content=\"https:\/\/www.alfida.de\/pl\/doradztwo\/\" \/>\n<meta property=\"og:site_name\" content=\"alfida\" \/>\n<meta property=\"article:publisher\" content=\"https:\/\/www.facebook.com\/AlfidaInfo\" \/>\n<meta property=\"article:modified_time\" content=\"2016-02-03T13:42:02+00:00\" \/>\n<meta name=\"twitter:card\" content=\"summary_large_image\" \/>\n<meta name=\"twitter:label1\" content=\"Szacowany czas czytania\" \/>\n\t<meta name=\"twitter:data1\" content=\"2 minuty\" \/>\n<script type=\"application\/ld+json\" class=\"yoast-schema-graph\">{\"@context\":\"https:\/\/schema.org\",\"@graph\":[{\"@type\":\"WebPage\",\"@id\":\"https:\/\/www.alfida.de\/pl\/doradztwo\/\",\"url\":\"https:\/\/www.alfida.de\/pl\/doradztwo\/\",\"name\":\"Ksiegowosc podatki Niemcy | Polska ksiegowa Hamburg | Biuro rachunkowe Hamburg\",\"isPartOf\":{\"@id\":\"https:\/\/www.alfida.de\/#website\"},\"datePublished\":\"2014-08-29T08:54:36+00:00\",\"dateModified\":\"2016-02-03T13:42:02+00:00\",\"description\":\"Rozwi\u0105zania w obszarach doradztwa podatkowego, audytu i ksi\u0119gowo\u015bci niemieckiej. Wypracowane wsp\u00f3lnie z Pa\u0144stwem. Wykonalne i przysz\u0142o\u015bciowe. Hamburg, Von-Essen\",\"breadcrumb\":{\"@id\":\"https:\/\/www.alfida.de\/pl\/doradztwo\/#breadcrumb\"},\"inLanguage\":\"pl-PL\",\"potentialAction\":[{\"@type\":\"ReadAction\",\"target\":[\"https:\/\/www.alfida.de\/pl\/doradztwo\/\"]}]},{\"@type\":\"BreadcrumbList\",\"@id\":\"https:\/\/www.alfida.de\/pl\/doradztwo\/#breadcrumb\",\"itemListElement\":[{\"@type\":\"ListItem\",\"position\":1,\"name\":\"Home\",\"item\":\"https:\/\/www.alfida.de\/pl\/\"},{\"@type\":\"ListItem\",\"position\":2,\"name\":\"Beratung\"}]},{\"@type\":\"WebSite\",\"@id\":\"https:\/\/www.alfida.de\/#website\",\"url\":\"https:\/\/www.alfida.de\/\",\"name\":\"alfida\",\"description\":\"alfida\",\"potentialAction\":[{\"@type\":\"SearchAction\",\"target\":{\"@type\":\"EntryPoint\",\"urlTemplate\":\"https:\/\/www.alfida.de\/?s={search_term_string}\"},\"query-input\":{\"@type\":\"PropertyValueSpecification\",\"valueRequired\":true,\"valueName\":\"search_term_string\"}}],\"inLanguage\":\"pl-PL\"}]}<\/script>\n<!-- \/ Yoast SEO plugin. -->","yoast_head_json":{"title":"Ksiegowosc podatki Niemcy | Polska ksiegowa Hamburg | Biuro rachunkowe Hamburg","description":"Rozwi\u0105zania w obszarach doradztwa podatkowego, audytu i ksi\u0119gowo\u015bci niemieckiej. Wypracowane wsp\u00f3lnie z Pa\u0144stwem. Wykonalne i przysz\u0142o\u015bciowe. Hamburg, Von-Essen","robots":{"index":"index","follow":"follow","max-snippet":"max-snippet:-1","max-image-preview":"max-image-preview:large","max-video-preview":"max-video-preview:-1"},"canonical":"https:\/\/www.alfida.de\/pl\/doradztwo\/","og_locale":"pl_PL","og_type":"article","og_title":"Ksiegowosc podatki Niemcy | Polska ksiegowa Hamburg | Biuro rachunkowe Hamburg","og_description":"Rozwi\u0105zania w obszarach doradztwa podatkowego, audytu i ksi\u0119gowo\u015bci niemieckiej. Wypracowane wsp\u00f3lnie z Pa\u0144stwem. Wykonalne i przysz\u0142o\u015bciowe. Hamburg, Von-Essen","og_url":"https:\/\/www.alfida.de\/pl\/doradztwo\/","og_site_name":"alfida","article_publisher":"https:\/\/www.facebook.com\/AlfidaInfo","article_modified_time":"2016-02-03T13:42:02+00:00","twitter_card":"summary_large_image","twitter_misc":{"Szacowany czas czytania":"2 minuty"},"schema":{"@context":"https:\/\/schema.org","@graph":[{"@type":"WebPage","@id":"https:\/\/www.alfida.de\/pl\/doradztwo\/","url":"https:\/\/www.alfida.de\/pl\/doradztwo\/","name":"Ksiegowosc podatki Niemcy | Polska ksiegowa Hamburg | Biuro rachunkowe Hamburg","isPartOf":{"@id":"https:\/\/www.alfida.de\/#website"},"datePublished":"2014-08-29T08:54:36+00:00","dateModified":"2016-02-03T13:42:02+00:00","description":"Rozwi\u0105zania w obszarach doradztwa podatkowego, audytu i ksi\u0119gowo\u015bci niemieckiej. Wypracowane wsp\u00f3lnie z Pa\u0144stwem. Wykonalne i przysz\u0142o\u015bciowe. Hamburg, Von-Essen","breadcrumb":{"@id":"https:\/\/www.alfida.de\/pl\/doradztwo\/#breadcrumb"},"inLanguage":"pl-PL","potentialAction":[{"@type":"ReadAction","target":["https:\/\/www.alfida.de\/pl\/doradztwo\/"]}]},{"@type":"BreadcrumbList","@id":"https:\/\/www.alfida.de\/pl\/doradztwo\/#breadcrumb","itemListElement":[{"@type":"ListItem","position":1,"name":"Home","item":"https:\/\/www.alfida.de\/pl\/"},{"@type":"ListItem","position":2,"name":"Beratung"}]},{"@type":"WebSite","@id":"https:\/\/www.alfida.de\/#website","url":"https:\/\/www.alfida.de\/","name":"alfida","description":"alfida","potentialAction":[{"@type":"SearchAction","target":{"@type":"EntryPoint","urlTemplate":"https:\/\/www.alfida.de\/?s={search_term_string}"},"query-input":{"@type":"PropertyValueSpecification","valueRequired":true,"valueName":"search_term_string"}}],"inLanguage":"pl-PL"}]}},"_links":{"self":[{"href":"https:\/\/www.alfida.de\/pl\/wp-json\/wp\/v2\/pages\/1449","targetHints":{"allow":["GET"]}}],"collection":[{"href":"https:\/\/www.alfida.de\/pl\/wp-json\/wp\/v2\/pages"}],"about":[{"href":"https:\/\/www.alfida.de\/pl\/wp-json\/wp\/v2\/types\/page"}],"author":[{"embeddable":true,"href":"https:\/\/www.alfida.de\/pl\/wp-json\/wp\/v2\/users\/7"}],"replies":[{"embeddable":true,"href":"https:\/\/www.alfida.de\/pl\/wp-json\/wp\/v2\/comments?post=1449"}],"version-history":[{"count":6,"href":"https:\/\/www.alfida.de\/pl\/wp-json\/wp\/v2\/pages\/1449\/revisions"}],"predecessor-version":[{"id":1957,"href":"https:\/\/www.alfida.de\/pl\/wp-json\/wp\/v2\/pages\/1449\/revisions\/1957"}],"wp:attachment":[{"href":"https:\/\/www.alfida.de\/pl\/wp-json\/wp\/v2\/media?parent=1449"}],"curies":[{"name":"wp","href":"https:\/\/api.w.org\/{rel}","templated":true}]}}