{"id":1443,"date":"2014-08-08T17:12:32","date_gmt":"2014-08-08T15:12:32","guid":{"rendered":"http:\/\/alfidabeta.designerschwarm.de\/?page_id=1443"},"modified":"2023-05-15T11:28:25","modified_gmt":"2023-05-15T09:28:25","slug":"menschen","status":"publish","type":"page","link":"https:\/\/www.alfida.de\/pl\/menschen\/","title":{"rendered":"Menschen"},"content":{"rendered":"<p>[et_pb_section fb_built=&#8221;1&#8243; fullwidth=&#8221;on&#8221; admin_label=&#8221;section&#8221; _builder_version=&#8221;4.16&#8243; background_color=&#8221;#ffffff&#8221; background_image=&#8221;https:\/\/www.alfida.de\/wp-content\/uploads\/2014\/10\/00_ALFIDA_MENSCHEN_1200x108.jpg&#8221; transparent_background=&#8221;off&#8221; global_colors_info=&#8221;{}&#8221;][et_pb_fullwidth_header content_max_width=&#8221;none&#8221; admin_label=&#8221;Fullwidth Header&#8221; _builder_version=&#8221;4.16&#8243; background_color=&#8221;rgba(255, 255, 255, 0)&#8221; global_colors_info=&#8221;{}&#8221; button_one_text_size__hover_enabled=&#8221;off&#8221; button_two_text_size__hover_enabled=&#8221;off&#8221; button_one_text_color__hover_enabled=&#8221;off&#8221; button_two_text_color__hover_enabled=&#8221;off&#8221; button_one_border_width__hover_enabled=&#8221;off&#8221; button_two_border_width__hover_enabled=&#8221;off&#8221; button_one_border_color__hover_enabled=&#8221;off&#8221; button_two_border_color__hover_enabled=&#8221;off&#8221; button_one_border_radius__hover_enabled=&#8221;off&#8221; button_two_border_radius__hover_enabled=&#8221;off&#8221; button_one_letter_spacing__hover_enabled=&#8221;off&#8221; button_two_letter_spacing__hover_enabled=&#8221;off&#8221; button_one_bg_color__hover_enabled=&#8221;off&#8221; button_two_bg_color__hover_enabled=&#8221;off&#8221;][\/et_pb_fullwidth_header][\/et_pb_section][et_pb_section fb_built=&#8221;1&#8243; admin_label=&#8221;section&#8221; _builder_version=&#8221;4.16&#8243; global_colors_info=&#8221;{}&#8221;][et_pb_row admin_label=&#8221;row&#8221; _builder_version=&#8221;4.16&#8243; background_size=&#8221;initial&#8221; background_position=&#8221;top_left&#8221; background_repeat=&#8221;repeat&#8221; global_colors_info=&#8221;{}&#8221;][et_pb_column type=&#8221;4_4&#8243; _builder_version=&#8221;4.16&#8243; custom_padding=&#8221;|||&#8221; global_colors_info=&#8221;{}&#8221; custom_padding__hover=&#8221;|||&#8221;][et_pb_text _builder_version=&#8221;4.16&#8243; background_size=&#8221;initial&#8221; background_position=&#8221;top_left&#8221; background_repeat=&#8221;repeat&#8221; text_orientation=&#8221;center&#8221; module_alignment=&#8221;center&#8221; global_colors_info=&#8221;{}&#8221;]&nbsp;<\/p>\n<blockquote>\n<h2 style=\"text-align: left;\">Nasz\u0105 si\u0142\u0105 jest nasza kompetencja<\/h2>\n<\/blockquote>\n<p>[\/et_pb_text][\/et_pb_column][\/et_pb_row][et_pb_row admin_label=&#8221;row&#8221; _builder_version=&#8221;4.16&#8243; background_size=&#8221;initial&#8221; background_position=&#8221;top_left&#8221; background_repeat=&#8221;repeat&#8221; global_colors_info=&#8221;{}&#8221; column_structure=&#8221;1_3,2_3&#8243;][et_pb_column type=&#8221;1_3&#8243; _builder_version=&#8221;4.16&#8243; custom_padding=&#8221;|||&#8221; global_colors_info=&#8221;{}&#8221; custom_padding__hover=&#8221;|||&#8221;][et_pb_image src=&#8221;https:\/\/www.alfida.de\/wp-content\/uploads\/2014\/09\/koehn_final.jpg&#8221; align_tablet=&#8221;center&#8221; align_last_edited=&#8221;on|desktop&#8221; admin_label=&#8221;Image&#8221; _builder_version=&#8221;4.16&#8243; animation=&#8221;off&#8221; sticky=&#8221;off&#8221; global_colors_info=&#8221;{}&#8221; align_phone=&#8221;center&#8221;][\/et_pb_image][et_pb_divider show_divider=&#8221;off&#8221; disabled_on=&#8221;on|on|off&#8221; admin_label=&#8221;Divider&#8221; _builder_version=&#8221;4.16&#8243; global_colors_info=&#8221;{}&#8221;][\/et_pb_divider][\/et_pb_column][et_pb_column type=&#8221;2_3&#8243; _builder_version=&#8221;4.16&#8243; custom_padding=&#8221;|||&#8221; global_colors_info=&#8221;{}&#8221; custom_padding__hover=&#8221;|||&#8221;][et_pb_text _builder_version=&#8221;4.18.1&#8243; background_size=&#8221;initial&#8221; background_position=&#8221;top_left&#8221; background_repeat=&#8221;repeat&#8221; global_colors_info=&#8221;{}&#8221;]<\/p>\n<h4>Ralph K\u00f6hn<\/h4>\n<p>Bieg\u0142y rewident ksi\u0119gowy, doradca podatkowy<\/p>\n<blockquote>\n<p>\u201eMoje motto: <span lang=\"PL\">Wol<\/span><span lang=\"PL\">\u0119<\/span><span lang=\"PL\">\u00a0wybiega<\/span><span lang=\"PL\">\u0107<\/span><span lang=\"PL\">\u00a0my<\/span><span lang=\"PL\">\u015b<\/span><span lang=\"PL\">l<\/span><span lang=\"PL\">\u0105<\/span><span lang=\"PL\">\u00a0w prz<\/span><span lang=\"PL\">\u00f3<\/span><span lang=\"PL\">d ni<\/span><span lang=\"PL\">\u017c<\/span><span lang=\"PL\">\u00a0przemy<\/span><span lang=\"PL\">\u015b<\/span><span lang=\"PL\">liwa<\/span><span lang=\"PL\">\u0107<\/span><span lang=\"PL\">\u00a0minione. Do<\/span><span lang=\"PL\">\u015b<\/span><span lang=\"PL\">wiadczenie uczy,\u00a0<\/span><span lang=\"PL\">\u017c<\/span><span lang=\"PL\">e pierwsze kroki rozstrzygaj<\/span><span lang=\"PL\">\u0105,<\/span><span lang=\"PL\">\u00a0jak efektywne b<span lang=\"PL\">\u0119<\/span><span lang=\"PL\">d\u0105 wyniki<\/span><\/span><span lang=\"PL\">\u00a0naszej pracy.<\/span>\u201d<\/p>\n<\/blockquote>\n<p>Cz\u0142onek zarz\u0105du w Alfida Steuerberatungsgesellschaft mbH<br \/>Cz\u0142onek zarz\u0105du w ALFIDA Oriens Steuerberatungsgesellschaft mbH<\/p>\n<div class='et-learn-more clearfix'>\n\t\t\t\t\t<h3 class='heading-more'>Vita<span class='et_learnmore_arrow'><span><\/span><\/span><\/h3>\n\t\t\t\t\t<div class='learn-more-content'>Ralph K\u00f6hn urodzi\u0142 si\u0119 w 1958 roku w Hamburgu. W trakcie studi\u00f3w ekonomicznych w Hamburgu i Kolonii odby\u0142 liczne praktyki zawodowe w kraju i za granic\u0105. Po uko\u0144czeniu studi\u00f3w pracowa\u0142 w sp\u00f3\u0142ce doradc\u00f3w podatkowych oraz w sp\u00f3\u0142ce bieg\u0142ych rewident\u00f3w. W 1992 roku z\u0142o\u017cy\u0142 egzamin na doradc\u0119 podatkowego. Uprawnienia bieg\u0142ego rewidenta uzyska\u0142 w 1998 roku.<\/div>\n\t\t\t\t<\/div>\n<p>&nbsp;<\/p>\n<p>[\/et_pb_text][\/et_pb_column][\/et_pb_row][et_pb_row admin_label=&#8221;row&#8221; _builder_version=&#8221;4.16&#8243; background_size=&#8221;initial&#8221; background_position=&#8221;top_left&#8221; background_repeat=&#8221;repeat&#8221; global_colors_info=&#8221;{}&#8221; column_structure=&#8221;1_3,2_3&#8243;][et_pb_column type=&#8221;1_3&#8243; _builder_version=&#8221;4.16&#8243; custom_padding=&#8221;|||&#8221; global_colors_info=&#8221;{}&#8221; custom_padding__hover=&#8221;|||&#8221;][et_pb_image src=&#8221;https:\/\/www.alfida.de\/wp-content\/uploads\/2014\/08\/botzke_final.jpg&#8221; align_tablet=&#8221;center&#8221; align_last_edited=&#8221;on|desktop&#8221; admin_label=&#8221;Image&#8221; _builder_version=&#8221;4.16&#8243; use_border_color=&#8221;off&#8221; border_color=&#8221;#ffffff&#8221; border_style=&#8221;solid&#8221; animation=&#8221;off&#8221; sticky=&#8221;off&#8221; always_center_on_mobile=&#8221;on&#8221; global_colors_info=&#8221;{}&#8221; align_phone=&#8221;center&#8221;][\/et_pb_image][et_pb_divider show_divider=&#8221;off&#8221; disabled_on=&#8221;on|on|off&#8221; admin_label=&#8221;Divider&#8221; _builder_version=&#8221;4.16&#8243; global_colors_info=&#8221;{}&#8221;][\/et_pb_divider][\/et_pb_column][et_pb_column type=&#8221;2_3&#8243; _builder_version=&#8221;4.16&#8243; custom_padding=&#8221;|||&#8221; global_colors_info=&#8221;{}&#8221; custom_padding__hover=&#8221;|||&#8221;][et_pb_text _builder_version=&#8221;4.18.1&#8243; background_size=&#8221;initial&#8221; background_position=&#8221;top_left&#8221; background_repeat=&#8221;repeat&#8221; global_colors_info=&#8221;{}&#8221;]<\/p>\n<h4>Matthias Botzke<\/h4>\n<p>Bieg\u0142y rewident, doradca podatkowy<\/p>\n<blockquote>\n<p>\u201eMoje motto:\u2028 <span lang=\"PL\">Kierunku wiatru nie zmienimy, ale mo<\/span><span lang=\"PL\">\u017c<\/span><span lang=\"PL\">emy dostroi<\/span><span lang=\"PL\">\u0107<\/span><span lang=\"PL\">\u00a0<\/span><span lang=\"PL\">\u017c<\/span><span lang=\"PL\">agiel.<\/span>\u201d<\/p>\n<\/blockquote>\n<p>Cz\u0142onek zarz\u0105du w Alfida Steuerberatungsgesellschaft mbH<br \/>Cz\u0142onek zarz\u0105du w ALFIDA Oriens Steuerberatungsgesellschaft mbH<\/p>\n<div class='et-learn-more clearfix'>\n\t\t\t\t\t<h3 class='heading-more'>Vita<span class='et_learnmore_arrow'><span><\/span><\/span><\/h3>\n\t\t\t\t\t<div class='learn-more-content'><p>Matthias Botzke urodzi\u0142 si\u0119 w 1972 roku. Po uzyskaniu zawodu kupca handlu hurtowego i zagranicznego, w 2001 roku uko\u0144czy\u0142 studia w Wy\u017cszej Szkole Zawodowej P\u00f3\u0142nocno-Wschodniej Dolnej Saksonii w L\u00fcneburgu na kierunku prawo gospodarcze. Od 2001 roku pracowa\u0142 jako asystent doradcy podatkowego i bieg\u0142ego rewidenta. Egzamin na doradc\u0119 podatkowego z\u0142o\u017cy\u0142 w 2005 roku. W 2008 roku uzyska\u0142 uprawnienia bieg\u0142ego rewidenta.<\/div>\n\t\t\t\t<\/div>\n<p>[\/et_pb_text][\/et_pb_column][\/et_pb_row][\/et_pb_section]<\/p>\n","protected":false},"excerpt":{"rendered":"<p>&nbsp; Nasz\u0105 si\u0142\u0105 jest nasza kompetencja Ralph K\u00f6hn Bieg\u0142y rewident ksi\u0119gowy, doradca podatkowy \u201eMoje motto: Wol\u0119\u00a0wybiega\u0107\u00a0my\u015bl\u0105\u00a0w prz\u00f3d ni\u017c\u00a0przemy\u015bliwa\u0107\u00a0minione. Do\u015bwiadczenie uczy,\u00a0\u017ce pierwsze kroki rozstrzygaj\u0105,\u00a0jak efektywne b\u0119d\u0105 wyniki\u00a0naszej pracy.\u201d Cz\u0142onek zarz\u0105du w Alfida Steuerberatungsgesellschaft mbHCz\u0142onek zarz\u0105du w ALFIDA Oriens Steuerberatungsgesellschaft mbH <div class='et-learn-more clearfix'>\n\t\t\t\t\t<h3 class='heading-more'>Vita<span class='et_learnmore_arrow'><span><\/span><\/span><\/h3>\n\t\t\t\t\t<div class='learn-more-content'><\/div>\n\t\t\t\t<\/div>Ralph K\u00f6hn urodzi\u0142 si\u0119 w 1958 roku w Hamburgu. W trakcie studi\u00f3w ekonomicznych w Hamburgu [&hellip;]<\/p>\n","protected":false},"author":7,"featured_media":0,"parent":0,"menu_order":0,"comment_status":"open","ping_status":"open","template":"","meta":{"_et_pb_use_builder":"on","_et_pb_old_content":"","_et_gb_content_width":"","footnotes":""},"class_list":["post-1443","page","type-page","status-publish","hentry"],"yoast_head":"<!-- This site is optimized with the Yoast SEO plugin v25.8 - https:\/\/yoast.com\/wordpress\/plugins\/seo\/ -->\n<title>Doradca podatkowy w hamburgu | Doradca podatkowy niemcy<\/title>\n<meta name=\"description\" content=\"Nasi\u00a0 radcy podatkowi i biegli rewidenci proponuj\u0105 Pa\u0144stwu profesjonaln\u0105 obs\u0142ug\u0119 w zakresie doradztwa podatkowego, audytu i ksi\u0119gowo\u015bci w Niemczech. Tel. +49\u00a0\" \/>\n<meta name=\"robots\" content=\"index, follow, max-snippet:-1, max-image-preview:large, max-video-preview:-1\" \/>\n<link rel=\"canonical\" href=\"https:\/\/www.alfida.de\/pl\/menschen\/\" \/>\n<meta property=\"og:locale\" content=\"pl_PL\" \/>\n<meta property=\"og:type\" content=\"article\" \/>\n<meta property=\"og:title\" content=\"Doradca podatkowy w hamburgu | Doradca podatkowy niemcy\" \/>\n<meta property=\"og:description\" content=\"Nasi\u00a0 radcy podatkowi i biegli rewidenci proponuj\u0105 Pa\u0144stwu profesjonaln\u0105 obs\u0142ug\u0119 w zakresie doradztwa podatkowego, audytu i ksi\u0119gowo\u015bci w Niemczech. Tel. +49\u00a0\" \/>\n<meta property=\"og:url\" content=\"https:\/\/www.alfida.de\/pl\/menschen\/\" \/>\n<meta property=\"og:site_name\" content=\"alfida\" \/>\n<meta property=\"article:publisher\" content=\"https:\/\/www.facebook.com\/AlfidaInfo\" \/>\n<meta property=\"article:modified_time\" content=\"2023-05-15T09:28:25+00:00\" \/>\n<meta name=\"twitter:card\" content=\"summary_large_image\" \/>\n<meta name=\"twitter:label1\" content=\"Szacowany czas czytania\" \/>\n\t<meta name=\"twitter:data1\" content=\"4 minuty\" \/>\n<script type=\"application\/ld+json\" class=\"yoast-schema-graph\">{\"@context\":\"https:\/\/schema.org\",\"@graph\":[{\"@type\":\"WebPage\",\"@id\":\"https:\/\/www.alfida.de\/pl\/menschen\/\",\"url\":\"https:\/\/www.alfida.de\/pl\/menschen\/\",\"name\":\"Doradca podatkowy w hamburgu | Doradca podatkowy niemcy\",\"isPartOf\":{\"@id\":\"https:\/\/www.alfida.de\/#website\"},\"datePublished\":\"2014-08-08T15:12:32+00:00\",\"dateModified\":\"2023-05-15T09:28:25+00:00\",\"description\":\"Nasi\u00a0 radcy podatkowi i biegli rewidenci proponuj\u0105 Pa\u0144stwu profesjonaln\u0105 obs\u0142ug\u0119 w zakresie doradztwa podatkowego, audytu i ksi\u0119gowo\u015bci w Niemczech. Tel. +49\u00a0\",\"breadcrumb\":{\"@id\":\"https:\/\/www.alfida.de\/pl\/menschen\/#breadcrumb\"},\"inLanguage\":\"pl-PL\",\"potentialAction\":[{\"@type\":\"ReadAction\",\"target\":[\"https:\/\/www.alfida.de\/pl\/menschen\/\"]}]},{\"@type\":\"BreadcrumbList\",\"@id\":\"https:\/\/www.alfida.de\/pl\/menschen\/#breadcrumb\",\"itemListElement\":[{\"@type\":\"ListItem\",\"position\":1,\"name\":\"Home\",\"item\":\"https:\/\/www.alfida.de\/pl\/\"},{\"@type\":\"ListItem\",\"position\":2,\"name\":\"Menschen\"}]},{\"@type\":\"WebSite\",\"@id\":\"https:\/\/www.alfida.de\/#website\",\"url\":\"https:\/\/www.alfida.de\/\",\"name\":\"alfida\",\"description\":\"alfida\",\"potentialAction\":[{\"@type\":\"SearchAction\",\"target\":{\"@type\":\"EntryPoint\",\"urlTemplate\":\"https:\/\/www.alfida.de\/?s={search_term_string}\"},\"query-input\":{\"@type\":\"PropertyValueSpecification\",\"valueRequired\":true,\"valueName\":\"search_term_string\"}}],\"inLanguage\":\"pl-PL\"}]}<\/script>\n<!-- \/ Yoast SEO plugin. -->","yoast_head_json":{"title":"Doradca podatkowy w hamburgu | Doradca podatkowy niemcy","description":"Nasi\u00a0 radcy podatkowi i biegli rewidenci proponuj\u0105 Pa\u0144stwu profesjonaln\u0105 obs\u0142ug\u0119 w zakresie doradztwa podatkowego, audytu i ksi\u0119gowo\u015bci w Niemczech. Tel. +49\u00a0","robots":{"index":"index","follow":"follow","max-snippet":"max-snippet:-1","max-image-preview":"max-image-preview:large","max-video-preview":"max-video-preview:-1"},"canonical":"https:\/\/www.alfida.de\/pl\/menschen\/","og_locale":"pl_PL","og_type":"article","og_title":"Doradca podatkowy w hamburgu | Doradca podatkowy niemcy","og_description":"Nasi\u00a0 radcy podatkowi i biegli rewidenci proponuj\u0105 Pa\u0144stwu profesjonaln\u0105 obs\u0142ug\u0119 w zakresie doradztwa podatkowego, audytu i ksi\u0119gowo\u015bci w Niemczech. Tel. +49\u00a0","og_url":"https:\/\/www.alfida.de\/pl\/menschen\/","og_site_name":"alfida","article_publisher":"https:\/\/www.facebook.com\/AlfidaInfo","article_modified_time":"2023-05-15T09:28:25+00:00","twitter_card":"summary_large_image","twitter_misc":{"Szacowany czas czytania":"4 minuty"},"schema":{"@context":"https:\/\/schema.org","@graph":[{"@type":"WebPage","@id":"https:\/\/www.alfida.de\/pl\/menschen\/","url":"https:\/\/www.alfida.de\/pl\/menschen\/","name":"Doradca podatkowy w hamburgu | Doradca podatkowy niemcy","isPartOf":{"@id":"https:\/\/www.alfida.de\/#website"},"datePublished":"2014-08-08T15:12:32+00:00","dateModified":"2023-05-15T09:28:25+00:00","description":"Nasi\u00a0 radcy podatkowi i biegli rewidenci proponuj\u0105 Pa\u0144stwu profesjonaln\u0105 obs\u0142ug\u0119 w zakresie doradztwa podatkowego, audytu i ksi\u0119gowo\u015bci w Niemczech. Tel. +49\u00a0","breadcrumb":{"@id":"https:\/\/www.alfida.de\/pl\/menschen\/#breadcrumb"},"inLanguage":"pl-PL","potentialAction":[{"@type":"ReadAction","target":["https:\/\/www.alfida.de\/pl\/menschen\/"]}]},{"@type":"BreadcrumbList","@id":"https:\/\/www.alfida.de\/pl\/menschen\/#breadcrumb","itemListElement":[{"@type":"ListItem","position":1,"name":"Home","item":"https:\/\/www.alfida.de\/pl\/"},{"@type":"ListItem","position":2,"name":"Menschen"}]},{"@type":"WebSite","@id":"https:\/\/www.alfida.de\/#website","url":"https:\/\/www.alfida.de\/","name":"alfida","description":"alfida","potentialAction":[{"@type":"SearchAction","target":{"@type":"EntryPoint","urlTemplate":"https:\/\/www.alfida.de\/?s={search_term_string}"},"query-input":{"@type":"PropertyValueSpecification","valueRequired":true,"valueName":"search_term_string"}}],"inLanguage":"pl-PL"}]}},"_links":{"self":[{"href":"https:\/\/www.alfida.de\/pl\/wp-json\/wp\/v2\/pages\/1443","targetHints":{"allow":["GET"]}}],"collection":[{"href":"https:\/\/www.alfida.de\/pl\/wp-json\/wp\/v2\/pages"}],"about":[{"href":"https:\/\/www.alfida.de\/pl\/wp-json\/wp\/v2\/types\/page"}],"author":[{"embeddable":true,"href":"https:\/\/www.alfida.de\/pl\/wp-json\/wp\/v2\/users\/7"}],"replies":[{"embeddable":true,"href":"https:\/\/www.alfida.de\/pl\/wp-json\/wp\/v2\/comments?post=1443"}],"version-history":[{"count":35,"href":"https:\/\/www.alfida.de\/pl\/wp-json\/wp\/v2\/pages\/1443\/revisions"}],"predecessor-version":[{"id":2994,"href":"https:\/\/www.alfida.de\/pl\/wp-json\/wp\/v2\/pages\/1443\/revisions\/2994"}],"wp:attachment":[{"href":"https:\/\/www.alfida.de\/pl\/wp-json\/wp\/v2\/media?parent=1443"}],"curies":[{"name":"wp","href":"https:\/\/api.w.org\/{rel}","templated":true}]}}