{"id":2760,"date":"2019-12-16T16:23:06","date_gmt":"2019-12-16T14:23:06","guid":{"rendered":"https:\/\/www.alfida.de\/?page_id=2760"},"modified":"2023-05-15T11:25:00","modified_gmt":"2023-05-15T09:25:00","slug":"impressum","status":"publish","type":"page","link":"https:\/\/www.alfida.de\/en\/impressum\/","title":{"rendered":"Impressum"},"content":{"rendered":"<p>[et_pb_section fb_built=&#8221;1&#8243; inner_shadow=&#8221;on&#8221; fullwidth=&#8221;on&#8221; admin_label=&#8221;section&#8221; _builder_version=&#8221;4.16&#8243; background_color=&#8221;#ffffff&#8221; background_image=&#8221;https:\/\/www.alfida.de\/wp-content\/uploads\/2014\/10\/00_ALFIDA_IMPRESSUM_1200x108.jpg&#8221; transparent_background=&#8221;off&#8221; global_colors_info=&#8221;{}&#8221;][et_pb_fullwidth_header text_orientation=&#8221;center&#8221; content_max_width=&#8221;none&#8221; admin_label=&#8221;Fullwidth Header&#8221; _builder_version=&#8221;4.16&#8243; background_color=&#8221;rgba(255, 255, 255, 0)&#8221; background_layout=&#8221;light&#8221; global_colors_info=&#8221;{}&#8221; button_one_text_size__hover_enabled=&#8221;off&#8221; button_two_text_size__hover_enabled=&#8221;off&#8221; button_one_text_color__hover_enabled=&#8221;off&#8221; button_two_text_color__hover_enabled=&#8221;off&#8221; button_one_border_width__hover_enabled=&#8221;off&#8221; button_two_border_width__hover_enabled=&#8221;off&#8221; button_one_border_color__hover_enabled=&#8221;off&#8221; button_two_border_color__hover_enabled=&#8221;off&#8221; button_one_border_radius__hover_enabled=&#8221;off&#8221; button_two_border_radius__hover_enabled=&#8221;off&#8221; button_one_letter_spacing__hover_enabled=&#8221;off&#8221; button_two_letter_spacing__hover_enabled=&#8221;off&#8221; button_one_bg_color__hover_enabled=&#8221;off&#8221; button_two_bg_color__hover_enabled=&#8221;off&#8221;][\/et_pb_fullwidth_header][\/et_pb_section][et_pb_section fb_built=&#8221;1&#8243; admin_label=&#8221;section&#8221; _builder_version=&#8221;4.16&#8243; global_colors_info=&#8221;{}&#8221;][et_pb_row admin_label=&#8221;row&#8221; _builder_version=&#8221;4.16&#8243; background_size=&#8221;initial&#8221; background_position=&#8221;top_left&#8221; background_repeat=&#8221;repeat&#8221; global_colors_info=&#8221;{}&#8221;][et_pb_column type=&#8221;4_4&#8243; _builder_version=&#8221;4.16&#8243; custom_padding=&#8221;|||&#8221; global_colors_info=&#8221;{}&#8221; custom_padding__hover=&#8221;|||&#8221;][et_pb_text _builder_version=&#8221;4.16&#8243; background_size=&#8221;initial&#8221; background_position=&#8221;top_left&#8221; background_repeat=&#8221;repeat&#8221; global_colors_info=&#8221;{}&#8221;]<\/p>\n<blockquote>\n<h3>Impressum<\/h3>\n<\/blockquote>\n<p>[\/et_pb_text][et_pb_text _builder_version=&#8221;4.16&#8243; background_size=&#8221;initial&#8221; background_position=&#8221;top_left&#8221; background_repeat=&#8221;repeat&#8221; use_border_color=&#8221;off&#8221; border_color=&#8221;#ffffff&#8221; border_style=&#8221;solid&#8221; global_colors_info=&#8221;{}&#8221;]<strong>Anbieter dieser Website sind:<\/strong><br \/>\n[\/et_pb_text][\/et_pb_column][\/et_pb_row][et_pb_row column_structure=&#8221;1_2,1_2&#8243; admin_label=&#8221;row&#8221; _builder_version=&#8221;4.16&#8243; background_size=&#8221;initial&#8221; background_position=&#8221;top_left&#8221; background_repeat=&#8221;repeat&#8221; global_colors_info=&#8221;{}&#8221;][et_pb_column type=&#8221;1_2&#8243; _builder_version=&#8221;4.16&#8243; custom_padding=&#8221;|||&#8221; global_colors_info=&#8221;{}&#8221; custom_padding__hover=&#8221;|||&#8221;][et_pb_text _builder_version=&#8221;4.16&#8243; background_size=&#8221;initial&#8221; background_position=&#8221;top_left&#8221; background_repeat=&#8221;repeat&#8221; use_border_color=&#8221;off&#8221; border_color=&#8221;#ffffff&#8221; border_style=&#8221;solid&#8221; global_colors_info=&#8221;{}&#8221;]<strong>Alfida Steuerberatungsgesellschaft mbH<br \/>\n<\/strong>Von-Essen-Str. 50<br \/>\n22081 Hamburg<br \/>\nTelefon: +49 40 29 80 13 0<br \/>\nTelefax: +49 40 29 80 13 99<\/p>\n<p><strong>Gesch\u00e4ftsf\u00fchrer:<br \/>\n<\/strong>Matthias Botzke, WP, StB<br \/>\nIngo Kirschke StB<br \/>\nRalph K\u00f6hn vBP, StB<\/p>\n<p>Eingetragen im Handelsregister: HRB Nr.30235 Hamburg<br \/>\nFinanzamt Hamburg Barmbek-Uhlenhorst<br \/>\nSteuernummer: 43\/701\/00689<\/p>\n<p>Die gesetzliche Berufsbezeichnung Steuerberatungsgesellschaft\u00a0wurde in der Bundesrepublik Deutschland (Hamburg) verliehen.<\/p>\n<p>Zust\u00e4ndige Aufsichtsbeh\u00f6rde:<br \/>\nSteuerberaterkammer Hamburg<\/p>\n<p>Der Berufsstand der Steuerberater unterliegt im Wesentlichen den nachstehenden berufsrechtlichen Regelungen:<\/p>\n<p>(a) Steuerberatungsgesetz (StBerG)<br \/>\n(b) Durchf\u00fchrungsverordnung zum Steuerberatungsgesetz (DVStB)<br \/>\n(c) Berufsordnung (BOStB)<br \/>\n(d) Steuerberaterverg\u00fctungsverordnung (StBVV)<\/p>\n<p><strong>Berufsrechtliche Regelungen und Geb\u00fchren:<\/strong><b><br \/>\n<\/b>Die berufsrechtlichen Regelungen und Geb\u00fchren k\u00f6nnen bei der zust\u00e4ndigen Steuerberaterkammer eingesehen werden, diese finden Sie auch auf der Homepage der Bundessteuerberaterkammer.<\/p>\n<p><strong>Berufshaftpflichtversicherung:<\/strong><b><br \/>\n<\/b>Versicherer: R+V Allgemeine Versicherung AG<br \/>\nRaiffeisenplatz 1, 65189 Wiesbaden<br \/>\nr\u00e4umlicher Geltungsbereich: Bundesrepublik Deutschland<br \/>\n[\/et_pb_text][\/et_pb_column][et_pb_column type=&#8221;1_2&#8243; _builder_version=&#8221;4.16&#8243; custom_padding=&#8221;|||&#8221; global_colors_info=&#8221;{}&#8221; custom_padding__hover=&#8221;|||&#8221;][et_pb_text _builder_version=&#8221;4.16&#8243; background_size=&#8221;initial&#8221; background_position=&#8221;top_left&#8221; background_repeat=&#8221;repeat&#8221; use_border_color=&#8221;off&#8221; border_color=&#8221;#ffffff&#8221; border_style=&#8221;solid&#8221; global_colors_info=&#8221;{}&#8221;]<\/p>\n<p><strong>Alfida Oriens Steuerberatungsgesellschaft mbH<br \/> <\/strong>Von-Essen-Str. 50<br \/> 22081 Hamburg<br \/> Telefon: +49 40 29 80 13 28<br \/> Telefax: +49 40 29 80 13 99<\/p>\n<p><strong>Gesch\u00e4ftsf\u00fchrer:<\/strong><br \/> Matthias, Botzke, WP,\u00a0StB<br \/> Ralph K\u00f6hn vBP, StB<\/p>\n<p>Eingetragen im Handelsregister:<br \/> HRB Nr.130905 Hamburg<br \/> Finanzamt Hamburg Barmbek-Uhlenhorst<br \/> Steuernummer: 43\/701\/01502<\/p>\n<p>Die gesetzliche Berufsbezeichnung Steuerberatungsgesellschaft\u00a0wurde in der Bundesrepublik Deutschland (Hamburg) verliehen.<\/p>\n<p>Zust\u00e4ndige Aufsichtsbeh\u00f6rde:<br \/> Steuerberaterkammer Hamburg<\/p>\n<p>Der Berufsstand der Steuerberater unterliegt im Wesentlichen den nachstehenden berufsrechtlichen Regelungen:<\/p>\n<p>(a) Steuerberatungsgesetz (StBerG)<br \/> (b) Durchf\u00fchrungsverordnung zum Steuerberatungsgesetz (DVStB)<br \/> (c) Berufsordnung (BOStB)<br \/> (d) Steuerberaterverg\u00fctungsverordnung (StBVV)<\/p>\n<p><strong>Berufsrechtliche Regelungen und Geb\u00fchren:<\/strong><b><br \/> <\/b>Die berufsrechtlichen Regelungen und Geb\u00fchren k\u00f6nnen bei der zust\u00e4ndigen Steuerberaterkammer eingesehen werden, diese finden Sie auch auf der Homepage der Bundessteuerberaterkammer.<\/p>\n<p><strong>Berufshaftpflichtversicherung:<\/strong><b><br \/> <\/b>Versicherer: R+V Allgemeine Versicherung AG<br \/> Raiffeisenplatz 1, 65189 Wiesbaden<br \/> r\u00e4umlicher Geltungsbereich: Bundesrepublik Deutschland<\/p>\n<p>[\/et_pb_text][\/et_pb_column][\/et_pb_row][et_pb_row admin_label=&#8221;row&#8221; _builder_version=&#8221;4.16&#8243; background_size=&#8221;initial&#8221; background_position=&#8221;top_left&#8221; background_repeat=&#8221;repeat&#8221; global_colors_info=&#8221;{}&#8221;][et_pb_column type=&#8221;4_4&#8243; _builder_version=&#8221;4.16&#8243; custom_padding=&#8221;|||&#8221; global_colors_info=&#8221;{}&#8221; custom_padding__hover=&#8221;|||&#8221;][et_pb_text _builder_version=&#8221;4.16&#8243; background_size=&#8221;initial&#8221; background_position=&#8221;top_left&#8221; background_repeat=&#8221;repeat&#8221; use_border_color=&#8221;off&#8221; global_colors_info=&#8221;{}&#8221;]<b>Verantwortliche i. S. d. \u00a7 55 Abs. 2 RStV:<\/b> Ralph K\u00f6hn vBP, StB<br \/>\nDie auf diesen Internetseiten bereitgestellten redaktionellen Informationen wurden durch den jeweiligen Verfasser nach besten Wissen und Gewissen recherchiert. Sie erheben aber keinen Anspruch auf inhaltliche Richtigkeit, Anwendbarkeit f\u00fcr den Einzelfall, Vollst\u00e4ndigkeit oder Aktualit\u00e4t. Dar\u00fcber hinaus k\u00f6nnen Online-Informationsangebote in der Regel eine individuelle Beratung durch den Fachmann nicht ersetzen.<\/p>\n<p><strong>Berufsrechtliche Regelungen und Geb\u00fchren:<br \/>\n<\/strong>Die berufsrechtlichen Regelungen und Geb\u00fchren k\u00f6nnen bei der zust\u00e4ndigen Steuerberaterkammer eigesehen werden, diese finden Sie auch auf der Homepage der Bundessteuerberaterkammerr.<\/p>\n<p><strong>Haftungsausschluss:<br \/>\n<\/strong>Hiermit distanzieren wir uns ausdr\u00fccklich von den Inhalten fremder Webseiten, die durch Hyperlink von unserer Internetpr\u00e4senz aus erreicht werden k\u00f6nnen. Wir haben keinen Einfluss auf den Inhalt dieser Webseiten; die Verantwortung daf\u00fcr liegt allein bei deren Betreibern.<\/p>\n<p><strong>Urheberrechtlicher Hinweis:<\/strong><br \/>\nQuellcode, Inhalte und Design dieser Website unterliegen urheberrechtlichem Schutz. Jegliches unautorisiertes Kopieren dieser Website oder von Teilen daraus, sowie deren Weiterverwertung, Speicherung oder Ver\u00f6ffentlichung wird strafrechtlich verfolgt.<\/p>\n<p><strong>Design und Realisierung\u00a0der Website:<br \/>\n<\/strong><a title=\"Guppy Design GmbH\" href=\"http:\/\/www.guppy-design.de\" target=\"_blank\" rel=\"noopener noreferrer\">Guppy\u00a0Design GmbH<\/a><\/p>\n<p><strong>Bilderquelle\/Urheberrechtsvermerk:<br \/>\n<\/strong>Fotoportraits: Malte Braun c\/o <a href=\"http:\/\/www.kaitietz.de\" target=\"_blank\" rel=\"noopener noreferrer\">www.kaitietz.de<\/a><br \/>\nIllustration: Ralf Nietmann (<a href=\"http:\/\/www.ralfnietmann.de\" target=\"_blank\" rel=\"noopener noreferrer\">www.ralfnietmann.de<\/a>) mit Fotos von Corbis Images (<a href=\"http:\/\/www.corbisimages.com\" target=\"_blank\" rel=\"noopener noreferrer\">www.corbisimages.com<\/a>) und stocksy.com (<a href=\"http:\/\/www.stocksy.com\" target=\"_blank\" rel=\"noopener noreferrer\">www.stocksy.com<\/a>)<br \/>\n[\/et_pb_text][\/et_pb_column][\/et_pb_row][\/et_pb_section]<\/p>\n","protected":false},"excerpt":{"rendered":"<p>Impressum Anbieter dieser Website sind: Alfida Steuerberatungsgesellschaft mbH Von-Essen-Str. 50 22081 Hamburg Telefon: +49 40 29 80 13 0 Telefax: +49 40 29 80 13 99 Gesch\u00e4ftsf\u00fchrer: Matthias Botzke, WP, StB Ingo Kirschke StB Ralph K\u00f6hn vBP, StB Eingetragen im Handelsregister: HRB Nr.30235 Hamburg Finanzamt Hamburg Barmbek-Uhlenhorst Steuernummer: 43\/701\/00689 Die gesetzliche Berufsbezeichnung Steuerberatungsgesellschaft\u00a0wurde in der [&hellip;]<\/p>\n","protected":false},"author":7,"featured_media":0,"parent":0,"menu_order":0,"comment_status":"open","ping_status":"closed","template":"","meta":{"_et_pb_use_builder":"on","_et_pb_old_content":"","_et_gb_content_width":"","footnotes":""},"class_list":["post-2760","page","type-page","status-publish","hentry"],"yoast_head":"<!-- This site is optimized with the Yoast SEO plugin v25.8 - https:\/\/yoast.com\/wordpress\/plugins\/seo\/ -->\n<title>Impressum | Alfida Hamburg<\/title>\n<meta name=\"description\" content=\"Impressum f\u00fcr die Alfida Steuerberatungsgesellschaft mbH, die ALFIDA Treuhand- und Beratungs-GmbH und die Alfida Oriens Steuerberatungsgesellschaft mbH.\" \/>\n<meta name=\"robots\" content=\"index, follow, max-snippet:-1, max-image-preview:large, max-video-preview:-1\" \/>\n<link rel=\"canonical\" href=\"https:\/\/www.alfida.de\/en\/impressum\/\" \/>\n<meta property=\"og:locale\" content=\"en_US\" \/>\n<meta property=\"og:type\" content=\"article\" \/>\n<meta property=\"og:title\" content=\"Impressum | Alfida Hamburg\" \/>\n<meta property=\"og:description\" content=\"Impressum f\u00fcr die Alfida Steuerberatungsgesellschaft mbH, die ALFIDA Treuhand- und Beratungs-GmbH und die Alfida Oriens Steuerberatungsgesellschaft mbH.\" \/>\n<meta property=\"og:url\" content=\"https:\/\/www.alfida.de\/en\/impressum\/\" \/>\n<meta property=\"og:site_name\" content=\"alfida\" \/>\n<meta property=\"article:publisher\" content=\"https:\/\/www.facebook.com\/AlfidaInfo\" \/>\n<meta property=\"article:modified_time\" content=\"2023-05-15T09:25:00+00:00\" \/>\n<meta name=\"twitter:card\" content=\"summary_large_image\" \/>\n<meta name=\"twitter:label1\" content=\"Est. reading time\" \/>\n\t<meta name=\"twitter:data1\" content=\"5 minutes\" \/>\n<script type=\"application\/ld+json\" class=\"yoast-schema-graph\">{\"@context\":\"https:\/\/schema.org\",\"@graph\":[{\"@type\":\"WebPage\",\"@id\":\"https:\/\/www.alfida.de\/en\/impressum\/\",\"url\":\"https:\/\/www.alfida.de\/en\/impressum\/\",\"name\":\"Impressum | Alfida Hamburg\",\"isPartOf\":{\"@id\":\"https:\/\/www.alfida.de\/#website\"},\"datePublished\":\"2019-12-16T14:23:06+00:00\",\"dateModified\":\"2023-05-15T09:25:00+00:00\",\"description\":\"Impressum f\u00fcr die Alfida Steuerberatungsgesellschaft mbH, die ALFIDA Treuhand- und Beratungs-GmbH und die Alfida Oriens Steuerberatungsgesellschaft mbH.\",\"breadcrumb\":{\"@id\":\"https:\/\/www.alfida.de\/en\/impressum\/#breadcrumb\"},\"inLanguage\":\"en-US\",\"potentialAction\":[{\"@type\":\"ReadAction\",\"target\":[\"https:\/\/www.alfida.de\/en\/impressum\/\"]}]},{\"@type\":\"BreadcrumbList\",\"@id\":\"https:\/\/www.alfida.de\/en\/impressum\/#breadcrumb\",\"itemListElement\":[{\"@type\":\"ListItem\",\"position\":1,\"name\":\"Home\",\"item\":\"https:\/\/www.alfida.de\/en\/\"},{\"@type\":\"ListItem\",\"position\":2,\"name\":\"Impressum\"}]},{\"@type\":\"WebSite\",\"@id\":\"https:\/\/www.alfida.de\/#website\",\"url\":\"https:\/\/www.alfida.de\/\",\"name\":\"alfida\",\"description\":\"alfida\",\"potentialAction\":[{\"@type\":\"SearchAction\",\"target\":{\"@type\":\"EntryPoint\",\"urlTemplate\":\"https:\/\/www.alfida.de\/?s={search_term_string}\"},\"query-input\":{\"@type\":\"PropertyValueSpecification\",\"valueRequired\":true,\"valueName\":\"search_term_string\"}}],\"inLanguage\":\"en-US\"}]}<\/script>\n<!-- \/ Yoast SEO plugin. -->","yoast_head_json":{"title":"Impressum | Alfida Hamburg","description":"Impressum f\u00fcr die Alfida Steuerberatungsgesellschaft mbH, die ALFIDA Treuhand- und Beratungs-GmbH und die Alfida Oriens Steuerberatungsgesellschaft mbH.","robots":{"index":"index","follow":"follow","max-snippet":"max-snippet:-1","max-image-preview":"max-image-preview:large","max-video-preview":"max-video-preview:-1"},"canonical":"https:\/\/www.alfida.de\/en\/impressum\/","og_locale":"en_US","og_type":"article","og_title":"Impressum | Alfida Hamburg","og_description":"Impressum f\u00fcr die Alfida Steuerberatungsgesellschaft mbH, die ALFIDA Treuhand- und Beratungs-GmbH und die Alfida Oriens Steuerberatungsgesellschaft mbH.","og_url":"https:\/\/www.alfida.de\/en\/impressum\/","og_site_name":"alfida","article_publisher":"https:\/\/www.facebook.com\/AlfidaInfo","article_modified_time":"2023-05-15T09:25:00+00:00","twitter_card":"summary_large_image","twitter_misc":{"Est. reading time":"5 minutes"},"schema":{"@context":"https:\/\/schema.org","@graph":[{"@type":"WebPage","@id":"https:\/\/www.alfida.de\/en\/impressum\/","url":"https:\/\/www.alfida.de\/en\/impressum\/","name":"Impressum | Alfida Hamburg","isPartOf":{"@id":"https:\/\/www.alfida.de\/#website"},"datePublished":"2019-12-16T14:23:06+00:00","dateModified":"2023-05-15T09:25:00+00:00","description":"Impressum f\u00fcr die Alfida Steuerberatungsgesellschaft mbH, die ALFIDA Treuhand- und Beratungs-GmbH und die Alfida Oriens Steuerberatungsgesellschaft mbH.","breadcrumb":{"@id":"https:\/\/www.alfida.de\/en\/impressum\/#breadcrumb"},"inLanguage":"en-US","potentialAction":[{"@type":"ReadAction","target":["https:\/\/www.alfida.de\/en\/impressum\/"]}]},{"@type":"BreadcrumbList","@id":"https:\/\/www.alfida.de\/en\/impressum\/#breadcrumb","itemListElement":[{"@type":"ListItem","position":1,"name":"Home","item":"https:\/\/www.alfida.de\/en\/"},{"@type":"ListItem","position":2,"name":"Impressum"}]},{"@type":"WebSite","@id":"https:\/\/www.alfida.de\/#website","url":"https:\/\/www.alfida.de\/","name":"alfida","description":"alfida","potentialAction":[{"@type":"SearchAction","target":{"@type":"EntryPoint","urlTemplate":"https:\/\/www.alfida.de\/?s={search_term_string}"},"query-input":{"@type":"PropertyValueSpecification","valueRequired":true,"valueName":"search_term_string"}}],"inLanguage":"en-US"}]}},"_links":{"self":[{"href":"https:\/\/www.alfida.de\/en\/wp-json\/wp\/v2\/pages\/2760","targetHints":{"allow":["GET"]}}],"collection":[{"href":"https:\/\/www.alfida.de\/en\/wp-json\/wp\/v2\/pages"}],"about":[{"href":"https:\/\/www.alfida.de\/en\/wp-json\/wp\/v2\/types\/page"}],"author":[{"embeddable":true,"href":"https:\/\/www.alfida.de\/en\/wp-json\/wp\/v2\/users\/7"}],"replies":[{"embeddable":true,"href":"https:\/\/www.alfida.de\/en\/wp-json\/wp\/v2\/comments?post=2760"}],"version-history":[{"count":6,"href":"https:\/\/www.alfida.de\/en\/wp-json\/wp\/v2\/pages\/2760\/revisions"}],"predecessor-version":[{"id":2990,"href":"https:\/\/www.alfida.de\/en\/wp-json\/wp\/v2\/pages\/2760\/revisions\/2990"}],"wp:attachment":[{"href":"https:\/\/www.alfida.de\/en\/wp-json\/wp\/v2\/media?parent=2760"}],"curies":[{"name":"wp","href":"https:\/\/api.w.org\/{rel}","templated":true}]}}